{"id":15012,"date":"2025-09-25T21:15:14","date_gmt":"2025-09-25T19:15:14","guid":{"rendered":"https:\/\/fitme.jobs\/nous-contacter\/"},"modified":"2026-02-02T21:33:13","modified_gmt":"2026-02-02T20:33:13","slug":"nous-contacter","status":"publish","type":"page","link":"https:\/\/fitme.jobs\/fr\/nous-contacter\/","title":{"rendered":"Contactez-nous"},"content":{"rendered":"\t\t<div data-elementor-type=\"wp-page\" data-elementor-id=\"15012\" class=\"elementor elementor-15012 elementor-10641\" data-elementor-post-type=\"page\">\n\t\t\t\t<div class=\"elementor-element elementor-element-3be4d3cf e-flex e-con-boxed wpr-particle-no wpr-jarallax-no wpr-parallax-no wpr-sticky-section-no e-con e-parent\" data-id=\"3be4d3cf\" data-element_type=\"container\" data-settings=\"{&quot;background_background&quot;:&quot;gradient&quot;}\">\n\t\t\t\t\t<div class=\"e-con-inner\">\n\t\t<div class=\"elementor-element elementor-element-5fdfc112 e-flex e-con-boxed wpr-particle-no wpr-jarallax-no wpr-parallax-no wpr-sticky-section-no e-con e-child\" data-id=\"5fdfc112\" data-element_type=\"container\" data-settings=\"{&quot;background_background&quot;:&quot;classic&quot;}\">\n\t\t\t\t\t<div class=\"e-con-inner\">\n\t\t\t\t<div class=\"elementor-element elementor-element-22647064 elementor-widget elementor-widget-heading\" data-id=\"22647064\" data-element_type=\"widget\" data-widget_type=\"heading.default\">\n\t\t\t\t\t<h1 class=\"elementor-heading-title elementor-size-default\">Nous contacter<\/h1>\t\t\t\t<\/div>\n\t\t\t\t<div class=\"elementor-element elementor-element-93f82ce elementor-widget elementor-widget-text-editor\" data-id=\"93f82ce\" data-element_type=\"widget\" data-widget_type=\"text-editor.default\">\n\t\t\t\t\t\t\t\t\t<p>D\u00e9couvrez comment fitme.jobs vous aide \u00e0 r\u00e9duire le taux de d\u00e9sabonnement, \u00e0 am\u00e9liorer la fid\u00e9lisation et \u00e0 stimuler les performances, rapidement et de mani\u00e8re fiable.<\/p>\t\t\t\t\t\t\t\t<\/div>\n\t\t\t\t\t<\/div>\n\t\t\t\t<\/div>\n\t\t\t\t\t<\/div>\n\t\t\t\t<\/div>\n\t\t<div class=\"elementor-element elementor-element-3a0b8bcc e-flex e-con-boxed wpr-particle-no wpr-jarallax-no wpr-parallax-no wpr-sticky-section-no e-con e-parent\" data-id=\"3a0b8bcc\" data-element_type=\"container\">\n\t\t\t\t\t<div class=\"e-con-inner\">\n\t\t<div class=\"elementor-element elementor-element-320192f8 e-con-full e-flex wpr-particle-no wpr-jarallax-no wpr-parallax-no wpr-sticky-section-no e-con e-child\" data-id=\"320192f8\" data-element_type=\"container\">\n\t\t\t\t<div class=\"elementor-element elementor-element-4a6c44ea elementor-widget elementor-widget-heading\" data-id=\"4a6c44ea\" data-element_type=\"widget\" data-widget_type=\"heading.default\">\n\t\t\t\t\t<h2 class=\"elementor-heading-title elementor-size-default\">Construisons des cultures qui durent<\/h2>\t\t\t\t<\/div>\n\t\t\t\t<div class=\"elementor-element elementor-element-3381771 elementor-widget elementor-widget-text-editor\" data-id=\"3381771\" data-element_type=\"widget\" data-widget_type=\"text-editor.default\">\n\t\t\t\t\t\t\t\t\t<div class=\"elementor-element elementor-element-3bb9fb4 elementor-widget elementor-widget-text-editor\" data-id=\"3bb9fb4\" data-element_type=\"widget\" data-widget_type=\"text-editor.default\"><p>Si vous cherchez des moyens de mieux embaucher, de r\u00e9duire le taux de d\u00e9sabonnement ou d&rsquo;aligner les \u00e9quipes, contactez-nous et nous programmerons un court appel de d\u00e9couverte. Nous vous montrerons comment ValueFit\u00ae de Fitme, bas\u00e9 sur la science, pr\u00e9dit qui va prosp\u00e9rer, rester et am\u00e9liorer les performances, transformant ainsi la culture en un indicateur cl\u00e9 de performance mesurable. <\/p><\/div><div class=\"elementor-element elementor-element-64687cf4 elementor-widget elementor-widget-text-editor\" data-id=\"64687cf4\" data-element_type=\"widget\" data-widget_type=\"text-editor.default\"><p>Que vous souhaitiez d\u00e9velopper l&#8217;embauche de personnel de premi\u00e8re ligne, renforcer les \u00e9quipes de direction ou int\u00e9grer des cultures post-fusion, nous adapterons un projet pilote de 30 \u00e0 90 jours pour prouver rapidement l&rsquo;impact avec un minimum d&rsquo;efforts de votre part.<\/p><\/div>\t\t\t\t\t\t\t\t<\/div>\n\t\t\t\t<div class=\"elementor-element elementor-element-5e116842 elementor-widget elementor-widget-text-editor\" data-id=\"5e116842\" data-element_type=\"widget\" data-widget_type=\"text-editor.default\">\n\t\t\t\t\t\t\t\t\t<p>Contactez-nous !<\/p>\t\t\t\t\t\t\t\t<\/div>\n\t\t\t\t<\/div>\n\t\t<div class=\"elementor-element elementor-element-192f60ff e-con-full e-flex wpr-particle-no wpr-jarallax-no wpr-parallax-no wpr-sticky-section-no e-con e-child\" data-id=\"192f60ff\" data-element_type=\"container\">\n\t\t<div class=\"elementor-element elementor-element-637b50de e-flex e-con-boxed wpr-particle-no wpr-jarallax-no wpr-parallax-no wpr-sticky-section-no e-con e-child\" data-id=\"637b50de\" data-element_type=\"container\" data-settings=\"{&quot;background_background&quot;:&quot;classic&quot;}\">\n\t\t\t\t\t<div class=\"e-con-inner\">\n\t\t\t\t<div class=\"elementor-element elementor-element-f1bfeb3 elementor-widget elementor-widget-qi_addons_for_elementor_wp_forms\" data-id=\"f1bfeb3\" data-element_type=\"widget\" data-widget_type=\"qi_addons_for_elementor_wp_forms.default\">\n\t\t\t\t<div class=\"elementor-widget-container\">\n\t\t\t\t\t<div class=\"qodef-shortcode qodef-m qodef-qi-wp-forms\">\n\t<style id=\"wpforms-css-vars-14927\">\n\t\t\t\t#wpforms-14927 {\n\t\t\t\t--wpforms-container-padding: 0px;\n--wpforms-container-border-width: 1px;\n--wpforms-container-border-radius: 3px;\n--wpforms-background-color: rgba(0, 0, 0, 0);\n--wpforms-field-size-input-height: 43px;\n--wpforms-field-size-input-spacing: 15px;\n--wpforms-field-size-font-size: 16px;\n--wpforms-field-size-line-height: 19px;\n--wpforms-field-size-padding-h: 14px;\n--wpforms-field-size-checkbox-size: 16px;\n--wpforms-field-size-sublabel-spacing: 5px;\n--wpforms-field-size-icon-size: 1;\n--wpforms-label-size-font-size: 16px;\n--wpforms-label-size-line-height: 19px;\n--wpforms-label-size-sublabel-font-size: 14px;\n--wpforms-label-size-sublabel-line-height: 17px;\n--wpforms-button-size-font-size: 17px;\n--wpforms-button-size-height: 41px;\n--wpforms-button-size-padding-h: 15px;\n--wpforms-button-size-margin-top: 10px;\n--wpforms-container-shadow-size-box-shadow: none;\n\t\t\t}\n\t\t\t<\/style><div class=\"wpforms-container wpforms-container-full wpforms-render-modern\" id=\"wpforms-14927\"><form id=\"wpforms-form-14927\" class=\"wpforms-validate wpforms-form wpforms-ajax-form\" data-formid=\"14927\" method=\"post\" enctype=\"multipart\/form-data\" action=\"\/fr\/wp-json\/wp\/v2\/pages\/15012\" data-token=\"42d01343ae64cc4d9fcd2f76068454b0\" data-token-time=\"1775530842\"><noscript class=\"wpforms-error-noscript\">Veuillez activer JavaScript dans votre navigateur pour remplir ce formulaire.<\/noscript><div id=\"wpforms-error-noscript\" style=\"display: none;\">Veuillez activer JavaScript dans votre navigateur pour remplir ce formulaire.<\/div><div class=\"wpforms-field-container\"><div id=\"wpforms-14927-field_1-container\" class=\"wpforms-field wpforms-field-name\" data-field-id=\"1\"><fieldset><legend class=\"wpforms-field-label\">Nom <span class=\"wpforms-required-label\" aria-hidden=\"true\">*<\/span><\/legend><div class=\"wpforms-field-row wpforms-field-medium\"><div class=\"wpforms-field-row-block wpforms-first wpforms-one-half\"><input type=\"text\" id=\"wpforms-14927-field_1\" class=\"wpforms-field-name-first wpforms-field-required\" name=\"wpforms[fields][1][first]\" aria-errormessage=\"wpforms-14927-field_1-error\" required><label for=\"wpforms-14927-field_1\" class=\"wpforms-field-sublabel after\">Pr\u00e9nom<\/label><\/div><div class=\"wpforms-field-row-block wpforms-one-half\"><input type=\"text\" id=\"wpforms-14927-field_1-last\" class=\"wpforms-field-name-last wpforms-field-required\" name=\"wpforms[fields][1][last]\" aria-errormessage=\"wpforms-14927-field_1-last-error\" required><label for=\"wpforms-14927-field_1-last\" class=\"wpforms-field-sublabel after\">Nom<\/label><\/div><\/div><\/fieldset><\/div><div id=\"wpforms-14927-field_2-container\" class=\"wpforms-field wpforms-field-email\" data-field-id=\"2\"><label class=\"wpforms-field-label\" for=\"wpforms-14927-field_2\">Adresse e-mail <span class=\"wpforms-required-label\" aria-hidden=\"true\">*<\/span><\/label><input type=\"email\" id=\"wpforms-14927-field_2\" class=\"wpforms-field-medium wpforms-field-required\" name=\"wpforms[fields][2]\" spellcheck=\"false\" aria-errormessage=\"wpforms-14927-field_2-error\" required><\/div><div id=\"wpforms-14927-field_4-container\" class=\"wpforms-field wpforms-field-name\" data-field-id=\"4\"><label class=\"wpforms-field-label\" for=\"wpforms-14927-field_4\">Nom de l\u2019entreprise <span class=\"wpforms-required-label\" aria-hidden=\"true\">*<\/span><\/label><input type=\"text\" id=\"wpforms-14927-field_4\" class=\"wpforms-field-medium wpforms-field-required\" name=\"wpforms[fields][4]\" aria-errormessage=\"wpforms-14927-field_4-error\" required><\/div>\t\t<div id=\"wpforms-14927-field_6-container\"\n\t\t\tclass=\"wpforms-field wpforms-field-text\"\n\t\t\tdata-field-type=\"text\"\n\t\t\tdata-field-id=\"6\"\n\t\t\t>\n\t\t\t<label class=\"wpforms-field-label\" for=\"wpforms-14927-field_6\" >Fonction Nom de<\/label>\n\t\t\t<input type=\"text\" id=\"wpforms-14927-field_6\" class=\"wpforms-field-medium\" name=\"wpforms[fields][6]\" >\n\t\t<\/div>\n\t\t<div id=\"wpforms-14927-field_5-container\" class=\"wpforms-field wpforms-field-name\" data-field-id=\"5\"><label class=\"wpforms-field-label\" for=\"wpforms-14927-field_5\">Taille de l\u2019entreprise <span class=\"wpforms-required-label\" aria-hidden=\"true\">*<\/span><\/label><input type=\"text\" id=\"wpforms-14927-field_5\" class=\"wpforms-field-medium wpforms-field-required\" name=\"wpforms[fields][5]\" aria-errormessage=\"wpforms-14927-field_5-error\" required><\/div><div id=\"wpforms-14927-field_7-container\" class=\"wpforms-field wpforms-field-name\" data-field-id=\"7\"><label class=\"wpforms-field-label\" for=\"wpforms-14927-field_7\">Fonction <span class=\"wpforms-required-label\" aria-hidden=\"true\">*<\/span><\/label><input type=\"text\" id=\"wpforms-14927-field_7\" class=\"wpforms-field-medium wpforms-field-required\" name=\"wpforms[fields][7]\" aria-errormessage=\"wpforms-14927-field_7-error\" required><\/div><div id=\"wpforms-14927-field_3-container\" class=\"wpforms-field wpforms-field-textarea\" data-field-id=\"3\"><label class=\"wpforms-field-label\" for=\"wpforms-14927-field_3\">Demande<\/label><textarea id=\"wpforms-14927-field_3\" class=\"wpforms-field-medium\" name=\"wpforms[fields][3]\" aria-errormessage=\"wpforms-14927-field_3-error\" ><\/textarea><\/div><script>\n\t\t\t\t( function() {\n\t\t\t\t\tconst style = document.createElement( 'style' );\n\t\t\t\t\tstyle.appendChild( document.createTextNode( '#wpforms-14927-field_6-container { position: absolute !important; overflow: hidden !important; display: inline !important; height: 1px !important; width: 1px !important; z-index: -1000 !important; padding: 0 !important; } #wpforms-14927-field_6-container input { visibility: hidden; } #wpforms-conversational-form-page #wpforms-14927-field_6-container label { counter-increment: none; }' ) );\n\t\t\t\t\tdocument.head.appendChild( style );\n\t\t\t\t\tdocument.currentScript?.remove();\n\t\t\t\t} )();\n\t\t\t<\/script><\/div><!-- .wpforms-field-container --><div class=\"wpforms-submit-container\" ><input type=\"hidden\" name=\"wpforms[id]\" value=\"14927\"><input type=\"hidden\" name=\"page_title\" value=\"\"><input type=\"hidden\" name=\"page_url\" value=\"https:\/\/fitme.jobs\/fr\/wp-json\/wp\/v2\/pages\/15012\"><input type=\"hidden\" name=\"url_referer\" value=\"\"><button type=\"submit\" name=\"wpforms[submit]\" id=\"wpforms-submit-14927\" class=\"wpforms-submit\" data-alt-text=\"Envoi...\" data-submit-text=\"Envoyer\" aria-live=\"assertive\" value=\"wpforms-submit\">Envoyer<\/button><img decoding=\"async\" data-src=\"https:\/\/fitme.jobs\/wp-content\/plugins\/wpforms-lite\/assets\/images\/submit-spin.svg\" class=\"wpforms-submit-spinner lazyload\" style=\"--smush-placeholder-width: 26px; --smush-placeholder-aspect-ratio: 26\/26;display: none;\" width=\"26\" height=\"26\" alt=\"Chargement en cours\" src=\"data:image\/svg+xml;base64,PHN2ZyB3aWR0aD0iMSIgaGVpZ2h0PSIxIiB4bWxucz0iaHR0cDovL3d3dy53My5vcmcvMjAwMC9zdmciPjwvc3ZnPg==\"><\/div><\/form><\/div>  <!-- .wpforms-container --><\/div>\n\t\t\t\t<\/div>\n\t\t\t\t<\/div>\n\t\t\t\t\t<\/div>\n\t\t\t\t<\/div>\n\t\t\t\t<\/div>\n\t\t\t\t\t<\/div>\n\t\t\t\t<\/div>\n\t\t\t\t<\/div>\n\t\t","protected":false},"excerpt":{"rendered":"<p>Nous contacter D\u00e9couvrez comment fitme.jobs vous aide \u00e0 r\u00e9duire le taux de d\u00e9sabonnement, \u00e0 am\u00e9liorer la fid\u00e9lisation et \u00e0 stimuler les performances, rapidement et de mani\u00e8re fiable. Construisons des cultures qui durent Si vous cherchez des moyens de mieux embaucher, de r\u00e9duire le taux de d\u00e9sabonnement ou d&rsquo;aligner les \u00e9quipes, contactez-nous et nous programmerons un court appel de d\u00e9couverte. Nous vous montrerons comment ValueFit\u00ae de Fitme, bas\u00e9 sur la science, pr\u00e9dit qui va prosp\u00e9rer, rester et am\u00e9liorer les performances, transformant ainsi la culture en un indicateur cl\u00e9 de performance mesurable. Que vous souhaitiez d\u00e9velopper l&#8217;embauche de personnel de premi\u00e8re ligne, renforcer les \u00e9quipes de direction ou int\u00e9grer des cultures post-fusion, nous adapterons un projet pilote de 30 \u00e0 90 jours pour prouver rapidement l&rsquo;impact avec un minimum d&rsquo;efforts de votre part. Contactez-nous ! Please enable JavaScript in your browser to complete this form.Please enable JavaScript in your browser to complete this form. Name * FirstLast Email *Company Name *Company Size * Inquiry Title Company Job Title *InquirySubmit<\/p>\n","protected":false},"author":1,"featured_media":0,"parent":0,"menu_order":0,"comment_status":"closed","ping_status":"closed","template":"","meta":{"footnotes":""},"class_list":["post-15012","page","type-page","status-publish","hentry"],"_links":{"self":[{"href":"https:\/\/fitme.jobs\/fr\/wp-json\/wp\/v2\/pages\/15012","targetHints":{"allow":["GET"]}}],"collection":[{"href":"https:\/\/fitme.jobs\/fr\/wp-json\/wp\/v2\/pages"}],"about":[{"href":"https:\/\/fitme.jobs\/fr\/wp-json\/wp\/v2\/types\/page"}],"author":[{"embeddable":true,"href":"https:\/\/fitme.jobs\/fr\/wp-json\/wp\/v2\/users\/1"}],"replies":[{"embeddable":true,"href":"https:\/\/fitme.jobs\/fr\/wp-json\/wp\/v2\/comments?post=15012"}],"version-history":[{"count":4,"href":"https:\/\/fitme.jobs\/fr\/wp-json\/wp\/v2\/pages\/15012\/revisions"}],"predecessor-version":[{"id":15465,"href":"https:\/\/fitme.jobs\/fr\/wp-json\/wp\/v2\/pages\/15012\/revisions\/15465"}],"wp:attachment":[{"href":"https:\/\/fitme.jobs\/fr\/wp-json\/wp\/v2\/media?parent=15012"}],"curies":[{"name":"wp","href":"https:\/\/api.w.org\/{rel}","templated":true}]}}